{"id":73,"date":"2024-10-24T20:23:18","date_gmt":"2024-10-24T18:23:18","guid":{"rendered":"https:\/\/lamaisondujeu5.wordpress.com\/?page_id=73"},"modified":"2025-04-15T00:39:43","modified_gmt":"2025-04-14T22:39:43","slug":"catalogues","status":"publish","type":"page","link":"https:\/\/maisondujeu.com\/index.php\/catalogues\/","title":{"rendered":"NOS JEUX"},"content":{"rendered":"\n<hr class=\"wp-block-separator has-text-color has-cyan-bluish-gray-color has-alpha-channel-opacity has-cyan-bluish-gray-background-color has-background\"\/>\n\n\n\n<p><\/p>\n\n\n\n<div class=\"wp-block-columns is-layout-flex wp-container-core-columns-is-layout-9d6595d7 wp-block-columns-is-layout-flex\">\n<div class=\"wp-block-column is-layout-flow wp-block-column-is-layout-flow\"><div class=\"wp-block-image\">\n<figure class=\"aligncenter size-large is-resized\"><img loading=\"lazy\" decoding=\"async\" width=\"581\" height=\"577\" src=\"http:\/\/maisondujeu.com\/wp-content\/uploads\/2024\/11\/cartes.png?w=581\" alt=\"\" class=\"wp-image-143\" style=\"width:232px;height:auto\" srcset=\"https:\/\/maisondujeu.com\/wp-content\/uploads\/2024\/11\/cartes.png 581w, https:\/\/maisondujeu.com\/wp-content\/uploads\/2024\/11\/cartes-300x298.png 300w, https:\/\/maisondujeu.com\/wp-content\/uploads\/2024\/11\/cartes-150x150.png 150w\" sizes=\"auto, (max-width: 581px) 100vw, 581px\" \/><\/figure>\n<\/div>\n\n\n<p><\/p>\n\n\n\n<div class=\"wp-block-buttons has-custom-font-size is-content-justification-center is-layout-flex wp-container-core-buttons-is-layout-16018d1d wp-block-buttons-is-layout-flex\" style=\"font-size:16px\">\n<div class=\"wp-block-button is-style-outline is-style-outline--1\"><a class=\"wp-block-button__link has-white-color has-text-color has-background has-link-color wp-element-button\" href=\"http:\/\/mdjsaintdo.ludomax.fr\" style=\"background-color:#afa222\"><strong>CATALOGUE JEUX DE SOCIETE<\/strong><\/a><\/div>\n<\/div>\n<\/div>\n\n\n\n<div class=\"wp-block-column is-layout-flow wp-block-column-is-layout-flow\"><div class=\"wp-block-image\">\n<figure class=\"aligncenter size-large is-resized\"><img loading=\"lazy\" decoding=\"async\" width=\"488\" height=\"541\" src=\"http:\/\/maisondujeu.com\/wp-content\/uploads\/2024\/11\/kappla.png?w=488\" alt=\"\" class=\"wp-image-144\" style=\"width:208px;height:auto\" srcset=\"https:\/\/maisondujeu.com\/wp-content\/uploads\/2024\/11\/kappla.png 488w, https:\/\/maisondujeu.com\/wp-content\/uploads\/2024\/11\/kappla-271x300.png 271w\" sizes=\"auto, (max-width: 488px) 100vw, 488px\" \/><\/figure>\n<\/div>\n\n\n<p><\/p>\n\n\n\n<div class=\"wp-block-buttons has-custom-font-size is-content-justification-center is-layout-flex wp-container-core-buttons-is-layout-16018d1d wp-block-buttons-is-layout-flex\" style=\"font-size:16px\">\n<div class=\"wp-block-button is-style-outline is-style-outline--2\"><a class=\"wp-block-button__link has-white-color has-text-color has-background has-link-color wp-element-button\" href=\"https:\/\/maisondujeu.com\/index.php\/catalogue-jeux-en-bois\/\" style=\"background-color:#afa222\"><strong>CATALOGUE JEUX EN BOIS<\/strong><\/a><\/div>\n<\/div>\n<\/div>\n<\/div>\n\n\n\n<p><\/p>\n\n\n\n<div class=\"wp-block-columns has-background is-layout-flex wp-container-core-columns-is-layout-9d6595d7 wp-block-columns-is-layout-flex\" style=\"background-color:#ff000012\">\n<div class=\"wp-block-column is-layout-flow wp-block-column-is-layout-flow\" style=\"flex-basis:10.33%\">\n<figure class=\"wp-block-image size-large is-resized\"><a href=\"http:\/\/maisondujeu.com\/wp-content\/uploads\/2025\/01\/contrat-location-jeux-en-bois.pdf\" target=\"_blank\" rel=\" noreferrer noopener\"><img loading=\"lazy\" decoding=\"async\" width=\"176\" height=\"212\" src=\"http:\/\/maisondujeu.com\/wp-content\/uploads\/2024\/11\/i.png?w=176\" alt=\"\" class=\"wp-image-163\" style=\"width:76px;height:auto\"\/><\/a><\/figure>\n<\/div>\n\n\n\n<div class=\"wp-block-column is-layout-flow wp-block-column-is-layout-flow\" style=\"flex-basis:66.66%\">\n<p><\/p>\n\n\n\n<p class=\"has-black-color has-text-color has-link-color wp-elements-7d56291cb3b2920b74986a20424978d6\"><a href=\"https:\/\/maisondujeu.com\/wp-content\/uploads\/2025\/01\/contrat-location-jeux-en-bois.pdf\" data-type=\"attachment\" data-id=\"536\">Un contrat de location<\/a> sp\u00e9cifique aux jeux en bois est sign\u00e9.<\/p>\n<\/div>\n<\/div>\n\n\n\n<p><\/p>\n\n\n\n<div class=\"wp-block-group alignfull has-base-2-color has-contrast-background-color has-text-color has-background has-link-color wp-elements-18837d6381c34a56738579bb907a8240\" style=\"margin-top:0;margin-bottom:0;padding-top:var(--wp--preset--spacing--50);padding-right:var(--wp--preset--spacing--50);padding-bottom:var(--wp--preset--spacing--50);padding-left:var(--wp--preset--spacing--50)\"><div class=\"wp-block-group__inner-container is-layout-constrained wp-container-core-group-is-layout-9cf8f26d wp-block-group-is-layout-constrained\">\n<div class=\"wp-block-columns alignwide are-vertically-aligned-center is-layout-flex wp-container-core-columns-is-layout-30f78326 wp-block-columns-is-layout-flex\">\n<div class=\"wp-block-column is-layout-flow wp-block-column-is-layout-flow\" style=\"flex-basis:50%\">\n<h2 class=\"wp-block-heading has-text-align-center\"><strong>Jeux de soci\u00e9t\u00e9<\/strong><\/h2>\n\n\n\n<p class=\"has-medium-font-size\">La Ludoth\u00e8que propose plus de 1 200 jeux de soci\u00e9t\u00e9 \u00e0 la location. <\/p>\n\n\n\n<p>Vous pouvez louer de mani\u00e8re occasionnelle, opter pour une carte de 12 jeux ou un forfait Gros Joueur.<\/p>\n\n\n\n<p><em>Contactez-nous, nous nous ferons un plaisir de r\u00e9pondre \u00e0 vos questions.<\/em><\/p>\n\n\n\n<div class=\"wp-block-buttons has-custom-font-size is-content-justification-center is-layout-flex wp-container-core-buttons-is-layout-16018d1d wp-block-buttons-is-layout-flex\" style=\"font-size:16px\">\n<div class=\"wp-block-button is-style-outline is-style-outline--3\"><a class=\"wp-block-button__link has-white-color has-text-color has-background has-link-color wp-element-button\" href=\"mailto:maisondujeu.saintdonat@gmail.com\" style=\"background-color:#afa222\"><strong>CONTACT<\/strong><\/a><\/div>\n<\/div>\n<\/div>\n\n\n\n<div class=\"wp-block-column is-vertically-aligned-center is-layout-flow wp-block-column-is-layout-flow\" style=\"flex-basis:50%\">\n<h2 class=\"wp-block-heading has-text-align-center\"><strong>Grands jeux en bois<\/strong><\/h2>\n\n\n\n<p>Dynamisez&nbsp;vos anniversaires, cousinades, mariages, ou m\u00eame la&nbsp;f\u00eate de votre village &#8230; en louant des jeux en bois.<\/p>\n\n\n\n<p>Consultez notre catalogue d&#8217;une centaine de r\u00e9f\u00e9rences, vous trouverez forc\u00e9ment votre bonheur !<\/p>\n\n\n\n<p><em>R\u00e9servation conseill\u00e9e en amont.<\/em><\/p>\n\n\n\n<div class=\"wp-block-buttons has-custom-font-size is-content-justification-center is-layout-flex wp-container-core-buttons-is-layout-16018d1d wp-block-buttons-is-layout-flex\" style=\"font-size:16px\">\n<div class=\"wp-block-button is-style-outline is-style-outline--4\"><a class=\"wp-block-button__link has-white-color has-text-color has-background has-link-color wp-element-button\" href=\"mailto:maisondujeu.saintdonat@gmail.com\" style=\"background-color:#afa222\"><strong>RESERVATION<\/strong><\/a><\/div>\n<\/div>\n<\/div>\n<\/div>\n<\/div><\/div>\n\n\n\n<p><\/p>\n","protected":false},"excerpt":{"rendered":"<p>Un contrat de location sp\u00e9cifique aux jeux en bois est sign\u00e9. Jeux de soci\u00e9t\u00e9 La Ludoth\u00e8que propose plus de 1 200 jeux de soci\u00e9t\u00e9 \u00e0 la location. Vous pouvez louer de mani\u00e8re occasionnelle, opter pour une carte de 12 jeux ou un forfait Gros Joueur. Contactez-nous, nous nous ferons un plaisir de r\u00e9pondre \u00e0 vos&hellip; <a href=\"https:\/\/maisondujeu.com\/index.php\/catalogues\/\" class=\"more-link\">Continue reading <span class=\"screen-reader-text\">NOS JEUX<\/span><\/a><\/p>\n","protected":false},"author":1,"featured_media":742,"parent":0,"menu_order":0,"comment_status":"closed","ping_status":"closed","template":"templates\/full-width-page.php","meta":{"footnotes":""},"tags":[],"class_list":["post-73","page","type-page","status-publish","has-post-thumbnail","hentry","without-featured-image"],"jetpack_sharing_enabled":true,"_links":{"self":[{"href":"https:\/\/maisondujeu.com\/index.php\/wp-json\/wp\/v2\/pages\/73","targetHints":{"allow":["GET"]}}],"collection":[{"href":"https:\/\/maisondujeu.com\/index.php\/wp-json\/wp\/v2\/pages"}],"about":[{"href":"https:\/\/maisondujeu.com\/index.php\/wp-json\/wp\/v2\/types\/page"}],"author":[{"embeddable":true,"href":"https:\/\/maisondujeu.com\/index.php\/wp-json\/wp\/v2\/users\/1"}],"replies":[{"embeddable":true,"href":"https:\/\/maisondujeu.com\/index.php\/wp-json\/wp\/v2\/comments?post=73"}],"version-history":[{"count":9,"href":"https:\/\/maisondujeu.com\/index.php\/wp-json\/wp\/v2\/pages\/73\/revisions"}],"predecessor-version":[{"id":731,"href":"https:\/\/maisondujeu.com\/index.php\/wp-json\/wp\/v2\/pages\/73\/revisions\/731"}],"wp:featuredmedia":[{"embeddable":true,"href":"https:\/\/maisondujeu.com\/index.php\/wp-json\/wp\/v2\/media\/742"}],"wp:attachment":[{"href":"https:\/\/maisondujeu.com\/index.php\/wp-json\/wp\/v2\/media?parent=73"}],"wp:term":[{"taxonomy":"post_tag","embeddable":true,"href":"https:\/\/maisondujeu.com\/index.php\/wp-json\/wp\/v2\/tags?post=73"}],"curies":[{"name":"wp","href":"https:\/\/api.w.org\/{rel}","templated":true}]}}