{"id":55,"date":"2024-10-24T18:48:31","date_gmt":"2024-10-24T16:48:31","guid":{"rendered":"https:\/\/lamaisondujeu5.wordpress.com\/?page_id=55"},"modified":"2026-04-15T23:23:22","modified_gmt":"2026-04-15T21:23:22","slug":"accueil","status":"publish","type":"page","link":"https:\/\/maisondujeu.com\/","title":{"rendered":"Accueil"},"content":{"rendered":"\n<hr class=\"wp-block-separator has-text-color has-cyan-bluish-gray-color has-alpha-channel-opacity has-cyan-bluish-gray-background-color has-background\"\/>\n\n\n\n<p class=\"has-text-align-center has-medium-font-size\"><em>Bienvenue sur le site de la Maison du Jeu de Saint-Donat !<\/em><\/p>\n\n\n\n<hr class=\"wp-block-separator has-text-color has-cyan-bluish-gray-color has-alpha-channel-opacity has-cyan-bluish-gray-background-color has-background is-style-default\"\/>\n\n\n\n<h2 class=\"wp-block-heading\"><strong>A La Maison du Jeu, on peut&#8230;<\/strong><\/h2>\n\n\n\n<p><\/p>\n\n\n\n<div class=\"wp-block-columns is-layout-flex wp-container-core-columns-is-layout-9d6595d7 wp-block-columns-is-layout-flex\">\n<div class=\"wp-block-column is-layout-flow wp-block-column-is-layout-flow\"><div class=\"wp-block-image\">\n<figure class=\"aligncenter size-large is-resized\"><a href=\"https:\/\/lamaisondujeu5.wordpress.com\/lassociation\/\"><img loading=\"lazy\" decoding=\"async\" width=\"581\" height=\"577\" src=\"http:\/\/maisondujeu.com\/wp-content\/uploads\/2024\/12\/cartes.png?w=581\" alt=\"\" class=\"wp-image-244\" style=\"width:117px;height:auto\" srcset=\"https:\/\/maisondujeu.com\/wp-content\/uploads\/2024\/12\/cartes.png 581w, https:\/\/maisondujeu.com\/wp-content\/uploads\/2024\/12\/cartes-300x298.png 300w, https:\/\/maisondujeu.com\/wp-content\/uploads\/2024\/12\/cartes-150x150.png 150w\" sizes=\"auto, (max-width: 581px) 100vw, 581px\" \/><\/a><\/figure>\n<\/div>\n\n\n<h2 class=\"wp-block-heading has-text-align-center\"><strong>Jouer sur place<\/strong><\/h2>\n\n\n\n<p>La ludoth\u00e8que dispose d&#8217;espace de jeux pour petits et grands et organise des soir\u00e9es jeux pour les familles, des bars \u00e0 jeux et des soir\u00e9es jeu de r\u00f4le.<\/p>\n<\/div>\n\n\n\n<div class=\"wp-block-column is-layout-flow wp-block-column-is-layout-flow\"><div class=\"wp-block-image\">\n<figure class=\"aligncenter size-large is-resized\"><a href=\"https:\/\/maisondujeu.com\/index.php\/catalogues\/\"><img loading=\"lazy\" decoding=\"async\" width=\"157\" height=\"220\" src=\"http:\/\/maisondujeu.com\/wp-content\/uploads\/2024\/12\/bag.png?w=157\" alt=\"\" class=\"wp-image-246\" style=\"width:83px;height:auto\"\/><\/a><\/figure>\n<\/div>\n\n\n<h2 class=\"wp-block-heading has-text-align-center\"><strong>Emprunter des jeux<\/strong><\/h2>\n\n\n\n<p>Avec plus de 1200 jeux dans notre catalogue, vous trouverez votre bonheur. En manque d&#8217;inspiration ? Nous nous ferons un plaisir de vous conseiller.<\/p>\n<\/div>\n<\/div>\n\n\n\n<div class=\"wp-block-columns is-layout-flex wp-container-core-columns-is-layout-9d6595d7 wp-block-columns-is-layout-flex\">\n<div class=\"wp-block-column is-layout-flow wp-block-column-is-layout-flow\">\n<p class=\"has-small-font-size\"><\/p>\n\n\n<div class=\"wp-block-image\">\n<figure class=\"aligncenter size-large is-resized\"><a href=\"https:\/\/maisondujeu.com\/index.php\/lassociation-2\/\"><img loading=\"lazy\" decoding=\"async\" width=\"271\" height=\"184\" src=\"http:\/\/maisondujeu.com\/wp-content\/uploads\/2024\/12\/enfants.png?w=271\" alt=\"\" class=\"wp-image-249\" style=\"width:217px;height:auto\"\/><\/a><\/figure>\n<\/div>\n\n\n<h2 class=\"wp-block-heading has-text-align-center\"><strong>Participer \u00e0 des ateliers ludiques<\/strong><\/h2>\n\n\n\n<p>Nous accueillons nos adh\u00e9rents pendant les vacances scolaires pour des ateliers \u00e0 th\u00e8me. Nous organisons aussi des mini-s\u00e9jours familiaux.<\/p>\n<\/div>\n\n\n\n<div class=\"wp-block-column is-layout-flow wp-block-column-is-layout-flow\">\n<p><\/p>\n\n\n<div class=\"wp-block-image\">\n<figure class=\"aligncenter size-large is-resized\"><img loading=\"lazy\" decoding=\"async\" width=\"360\" height=\"192\" src=\"http:\/\/maisondujeu.com\/wp-content\/uploads\/2024\/12\/bulle.png?w=360\" alt=\"\" class=\"wp-image-251\" style=\"width:214px;height:auto\" srcset=\"https:\/\/maisondujeu.com\/wp-content\/uploads\/2024\/12\/bulle.png 360w, https:\/\/maisondujeu.com\/wp-content\/uploads\/2024\/12\/bulle-300x160.png 300w\" sizes=\"auto, (max-width: 360px) 100vw, 360px\" \/><\/figure>\n<\/div>\n\n\n<p class=\"has-small-font-size\"><\/p>\n\n\n\n<h2 class=\"wp-block-heading has-text-align-center\"><strong>Discuter et partager des id\u00e9es<\/strong><\/h2>\n\n\n\n<p>La Maison du Jeu est avant tout un espace discussion, de rencontre et de partage o\u00f9 toutes les id\u00e9es sont bonnes \u00e0 prendre.<\/p>\n<\/div>\n<\/div>\n\n\n\n<p class=\"has-large-font-size\"><\/p>\n\n\n\n<div class=\"wp-block-columns has-background is-layout-flex wp-container-core-columns-is-layout-9d6595d7 wp-block-columns-is-layout-flex\" style=\"background-color:#ff000012\">\n<div class=\"wp-block-column is-layout-flow wp-block-column-is-layout-flow\">\n<h2 class=\"wp-block-heading has-text-align-center has-text-color has-link-color wp-elements-dd6298186f9aaf2eb102c40d1707cb5c\" style=\"color:#db0404\">Info pratiques<\/h2>\n\n\n<div class=\"wp-block-image\">\n<figure class=\"aligncenter size-large is-resized\"><a href=\"https:\/\/maisondujeu.com\/index.php\/info-pratique\/\"><img loading=\"lazy\" decoding=\"async\" width=\"176\" height=\"212\" src=\"http:\/\/maisondujeu.com\/wp-content\/uploads\/2024\/12\/i.png?w=176\" alt=\"\" class=\"wp-image-269\" style=\"width:72px;height:auto\"\/><\/a><\/figure>\n<\/div>\n\n\n<p>Toutes les infos pratiques : horaires d&#8217;ouverture, tarifs et contacts de La Maison du Jeu.<\/p>\n<\/div>\n\n\n\n<div class=\"wp-block-column is-layout-flow wp-block-column-is-layout-flow\">\n<h2 class=\"wp-block-heading has-text-align-center has-text-color has-link-color wp-elements-faea576d7f5ad350db0b12171be14304\" style=\"color:#db0404\">Nos jeux<\/h2>\n\n\n<div class=\"wp-block-image\">\n<figure class=\"aligncenter size-large is-resized\"><a href=\"https:\/\/maisondujeu.com\/index.php\/catalogues\/\"><img loading=\"lazy\" decoding=\"async\" width=\"288\" height=\"287\" src=\"http:\/\/maisondujeu.com\/wp-content\/uploads\/2024\/12\/loupe_rouge.png?w=288\" alt=\"\" class=\"wp-image-271\" style=\"width:86px;height:auto\" srcset=\"https:\/\/maisondujeu.com\/wp-content\/uploads\/2024\/12\/loupe_rouge.png 288w, https:\/\/maisondujeu.com\/wp-content\/uploads\/2024\/12\/loupe_rouge-150x150.png 150w\" sizes=\"auto, (max-width: 288px) 100vw, 288px\" \/><\/a><\/figure>\n<\/div>\n\n\n<p>Vous cherchez un jeu ? Vous voulez savoir si votre jeu pr\u00e9f\u00e9r\u00e9 est disponible ?<\/p>\n<\/div>\n<\/div>\n\n\n\n<p><\/p>\n","protected":false},"excerpt":{"rendered":"<p>Bienvenue sur le site de la Maison du Jeu de Saint-Donat ! A La Maison du Jeu, on peut&#8230; Jouer sur place La ludoth\u00e8que dispose d&#8217;espace de jeux pour petits et grands et organise des soir\u00e9es jeux pour les familles, des bars \u00e0 jeux et des soir\u00e9es jeu de r\u00f4le. Emprunter des jeux Avec plus&hellip; <a href=\"https:\/\/maisondujeu.com\/\" class=\"more-link\">Continue reading <span class=\"screen-reader-text\">Accueil<\/span><\/a><\/p>\n","protected":false},"author":1,"featured_media":25,"parent":0,"menu_order":0,"comment_status":"closed","ping_status":"closed","template":"templates\/full-width-page.php","meta":{"footnotes":""},"tags":[],"class_list":["post-55","page","type-page","status-publish","has-post-thumbnail","hentry","without-featured-image"],"jetpack_sharing_enabled":true,"_links":{"self":[{"href":"https:\/\/maisondujeu.com\/index.php\/wp-json\/wp\/v2\/pages\/55","targetHints":{"allow":["GET"]}}],"collection":[{"href":"https:\/\/maisondujeu.com\/index.php\/wp-json\/wp\/v2\/pages"}],"about":[{"href":"https:\/\/maisondujeu.com\/index.php\/wp-json\/wp\/v2\/types\/page"}],"author":[{"embeddable":true,"href":"https:\/\/maisondujeu.com\/index.php\/wp-json\/wp\/v2\/users\/1"}],"replies":[{"embeddable":true,"href":"https:\/\/maisondujeu.com\/index.php\/wp-json\/wp\/v2\/comments?post=55"}],"version-history":[{"count":8,"href":"https:\/\/maisondujeu.com\/index.php\/wp-json\/wp\/v2\/pages\/55\/revisions"}],"predecessor-version":[{"id":989,"href":"https:\/\/maisondujeu.com\/index.php\/wp-json\/wp\/v2\/pages\/55\/revisions\/989"}],"wp:featuredmedia":[{"embeddable":true,"href":"https:\/\/maisondujeu.com\/index.php\/wp-json\/wp\/v2\/media\/25"}],"wp:attachment":[{"href":"https:\/\/maisondujeu.com\/index.php\/wp-json\/wp\/v2\/media?parent=55"}],"wp:term":[{"taxonomy":"post_tag","embeddable":true,"href":"https:\/\/maisondujeu.com\/index.php\/wp-json\/wp\/v2\/tags?post=55"}],"curies":[{"name":"wp","href":"https:\/\/api.w.org\/{rel}","templated":true}]}}