{"id":462,"date":"2025-01-12T22:02:42","date_gmt":"2025-01-12T21:02:42","guid":{"rendered":"https:\/\/lamaisondujeu5.wordpress.com\/?page_id=462"},"modified":"2026-04-15T23:04:59","modified_gmt":"2026-04-15T21:04:59","slug":"foyer-jeu","status":"publish","type":"page","link":"https:\/\/maisondujeu.com\/index.php\/foyer-jeu\/","title":{"rendered":"Foyer jeu"},"content":{"rendered":"\n<div class=\"wp-block-group alignfull has-base-2-color has-contrast-background-color has-text-color has-background has-link-color wp-elements-7aaff1286410a1dfc955e1da1b2efe43\" style=\"margin-top:0;margin-bottom:0;padding-top:var(--wp--preset--spacing--50);padding-right:var(--wp--preset--spacing--50);padding-bottom:var(--wp--preset--spacing--50);padding-left:var(--wp--preset--spacing--50)\"><div class=\"wp-block-group__inner-container is-layout-constrained wp-container-core-group-is-layout-9cf8f26d wp-block-group-is-layout-constrained\">\n<p>\ud83c\udfb2 <strong>Ici, on joue (beaucoup), on rit (souvent) et on revient (tout le temps).<\/strong><\/p>\n\n\n\n<p>En famille, entre amis ou m\u00eame en solo, poussez la porte et installez-vous : ici, le jeu est roi\u2026 et la bonne humeur obligatoire (ou presque).<\/p>\n\n\n\n<p>\ud83d\udc68\u200d\ud83d\udc69\u200d\ud83d\udc67\u200d\ud83d\udc66 <strong>Un lieu pour jouer ensemble<\/strong><br>Les enfants sont accueillis avec plaisir (accompagn\u00e9s d\u2019un adulte, bien s\u00fbr \u2014 on vous voit venir).<br>C\u2019est l\u2019endroit id\u00e9al pour partager un moment en famille, rencontrer d\u2019autres joueurs et d\u00e9couvrir de nouvelles passions.<\/p>\n\n\n\n<p>\u2615 <strong>Plus qu\u2019une ludoth\u00e8que, un vrai lieu de vie<\/strong><br>Notre foyer jeu, c\u2019est un m\u00e9lange de rires, de discussions anim\u00e9es, de strat\u00e9gies improbables\u2026 et de caf\u00e9 chaud.<br>Un espace convivial qui favorise les rencontres, le lien entre g\u00e9n\u00e9rations et l\u2019int\u00e9gration des nouveaux habitants.<\/p>\n\n\n\n<p>\ud83e\udde9 <strong>Des jeux de soci\u00e9t\u00e9 pour tous les go\u00fbts<\/strong><br>Jeux d\u2019ambiance, jeux en famille, jeux de strat\u00e9gie, jeux pour enfants\u2026 notre <strong><a href=\"https:\/\/maisondujeu.com\/index.php\/catalogues\/\" data-type=\"page\" data-id=\"73\">collection de jeux de soci\u00e9t\u00e9<\/a><\/strong> s\u2019adapte \u00e0 tous les \u00e2ges et \u00e0 tous les niveaux.<\/p>\n\n\n\n<p>D\u00e9butant, joueur occasionnel ou expert ?<br>Pas de panique : on est l\u00e0 pour vous conseiller le jeu parfait, que ce soit pour :<\/p>\n\n\n\n<ul class=\"wp-block-list\">\n<li>passer un bon moment<\/li>\n\n\n\n<li>jouer avec vos enfants<\/li>\n\n\n\n<li>ou m\u00eame apprendre en s\u2019amusant<\/li>\n<\/ul>\n\n\n\n<p>\ud83c\udfaf <strong>Alors, on joue ?<\/strong><br>Installez-vous, choisissez un jeu\u2026 et laissez la magie op\u00e9rer.<\/p>\n\n\n\n<p><\/p>\n\n\n\n<p><\/p>\n\n\n\n<p><\/p>\n<\/div><\/div>\n","protected":false},"excerpt":{"rendered":"<p>\ud83c\udfb2 Ici, on joue (beaucoup), on rit (souvent) et on revient (tout le temps). En famille, entre amis ou m\u00eame en solo, poussez la porte et installez-vous : ici, le jeu est roi\u2026 et la bonne humeur obligatoire (ou presque). \ud83d\udc68\u200d\ud83d\udc69\u200d\ud83d\udc67\u200d\ud83d\udc66 Un lieu pour jouer ensembleLes enfants sont accueillis avec plaisir (accompagn\u00e9s d\u2019un adulte, bien&hellip; <a href=\"https:\/\/maisondujeu.com\/index.php\/foyer-jeu\/\" class=\"more-link\">Continue reading <span class=\"screen-reader-text\">Foyer jeu<\/span><\/a><\/p>\n","protected":false},"author":1,"featured_media":742,"parent":0,"menu_order":0,"comment_status":"closed","ping_status":"closed","template":"templates\/full-width-page.php","meta":{"footnotes":""},"tags":[],"class_list":["post-462","page","type-page","status-publish","has-post-thumbnail","hentry","without-featured-image"],"jetpack_sharing_enabled":true,"_links":{"self":[{"href":"https:\/\/maisondujeu.com\/index.php\/wp-json\/wp\/v2\/pages\/462","targetHints":{"allow":["GET"]}}],"collection":[{"href":"https:\/\/maisondujeu.com\/index.php\/wp-json\/wp\/v2\/pages"}],"about":[{"href":"https:\/\/maisondujeu.com\/index.php\/wp-json\/wp\/v2\/types\/page"}],"author":[{"embeddable":true,"href":"https:\/\/maisondujeu.com\/index.php\/wp-json\/wp\/v2\/users\/1"}],"replies":[{"embeddable":true,"href":"https:\/\/maisondujeu.com\/index.php\/wp-json\/wp\/v2\/comments?post=462"}],"version-history":[{"count":3,"href":"https:\/\/maisondujeu.com\/index.php\/wp-json\/wp\/v2\/pages\/462\/revisions"}],"predecessor-version":[{"id":979,"href":"https:\/\/maisondujeu.com\/index.php\/wp-json\/wp\/v2\/pages\/462\/revisions\/979"}],"wp:featuredmedia":[{"embeddable":true,"href":"https:\/\/maisondujeu.com\/index.php\/wp-json\/wp\/v2\/media\/742"}],"wp:attachment":[{"href":"https:\/\/maisondujeu.com\/index.php\/wp-json\/wp\/v2\/media?parent=462"}],"wp:term":[{"taxonomy":"post_tag","embeddable":true,"href":"https:\/\/maisondujeu.com\/index.php\/wp-json\/wp\/v2\/tags?post=462"}],"curies":[{"name":"wp","href":"https:\/\/api.w.org\/{rel}","templated":true}]}}