{"id":46,"date":"2024-10-24T18:21:56","date_gmt":"2024-10-24T16:21:56","guid":{"rendered":"https:\/\/lamaisondujeu5.wordpress.com\/?page_id=46"},"modified":"2025-04-15T00:38:05","modified_gmt":"2025-04-14T22:38:05","slug":"lassociation","status":"publish","type":"page","link":"https:\/\/maisondujeu.com\/index.php\/lassociation\/","title":{"rendered":"L&#8217;ASSOCIATION"},"content":{"rendered":"\n<hr class=\"wp-block-separator has-text-color has-cyan-bluish-gray-color has-alpha-channel-opacity has-cyan-bluish-gray-background-color has-background\"\/>\n\n\n\n<div class=\"wp-block-group alignfull has-base-2-color has-contrast-background-color has-text-color has-background has-link-color wp-elements-173a70ba71ff4381a25d47a49f5976b5\" style=\"margin-top:0;margin-bottom:0;padding-top:var(--wp--preset--spacing--50);padding-right:var(--wp--preset--spacing--50);padding-bottom:var(--wp--preset--spacing--50);padding-left:var(--wp--preset--spacing--50)\"><div class=\"wp-block-group__inner-container is-layout-constrained wp-container-core-group-is-layout-9cf8f26d wp-block-group-is-layout-constrained\">\n<h2 class=\"wp-block-heading\"><strong>La Maison du Jeu, c&#8217;est&#8230;<\/strong><\/h2>\n\n\n\n<h2 class=\"wp-block-heading has-text-align-center\"><strong>&#8230; un lieu<\/strong><\/h2>\n\n\n\n<figure class=\"wp-block-gallery has-nested-images columns-default is-cropped wp-block-gallery-1 is-layout-flex wp-block-gallery-is-layout-flex\">\n<figure class=\"wp-block-image size-large\"><img loading=\"lazy\" decoding=\"async\" width=\"828\" height=\"540\" data-id=\"177\" src=\"http:\/\/maisondujeu.com\/wp-content\/uploads\/2024\/12\/13416.jpg?w=828\" alt=\"\" class=\"wp-image-177\" srcset=\"https:\/\/maisondujeu.com\/wp-content\/uploads\/2024\/12\/13416.jpg 828w, https:\/\/maisondujeu.com\/wp-content\/uploads\/2024\/12\/13416-300x196.jpg 300w, https:\/\/maisondujeu.com\/wp-content\/uploads\/2024\/12\/13416-768x501.jpg 768w\" sizes=\"auto, (max-width: 828px) 100vw, 828px\" \/><\/figure>\n\n\n\n<figure class=\"wp-block-image size-large\"><img loading=\"lazy\" decoding=\"async\" width=\"400\" height=\"300\" data-id=\"178\" src=\"http:\/\/maisondujeu.com\/wp-content\/uploads\/2024\/12\/ludotheque.jpg__400x300_q85_subsampling-2-1.jpg?w=400\" alt=\"\" class=\"wp-image-178\" srcset=\"https:\/\/maisondujeu.com\/wp-content\/uploads\/2024\/12\/ludotheque.jpg__400x300_q85_subsampling-2-1.jpg 400w, https:\/\/maisondujeu.com\/wp-content\/uploads\/2024\/12\/ludotheque.jpg__400x300_q85_subsampling-2-1-300x225.jpg 300w\" sizes=\"auto, (max-width: 400px) 100vw, 400px\" \/><\/figure>\n\n\n\n<figure class=\"wp-block-image size-large\"><img loading=\"lazy\" decoding=\"async\" width=\"800\" height=\"600\" data-id=\"179\" src=\"http:\/\/maisondujeu.com\/wp-content\/uploads\/2024\/12\/petitenfance.jpg__800x600_q85_subsampling-2.jpg?w=800\" alt=\"\" class=\"wp-image-179\" srcset=\"https:\/\/maisondujeu.com\/wp-content\/uploads\/2024\/12\/petitenfance.jpg__800x600_q85_subsampling-2.jpg 800w, https:\/\/maisondujeu.com\/wp-content\/uploads\/2024\/12\/petitenfance.jpg__800x600_q85_subsampling-2-300x225.jpg 300w, https:\/\/maisondujeu.com\/wp-content\/uploads\/2024\/12\/petitenfance.jpg__800x600_q85_subsampling-2-768x576.jpg 768w\" sizes=\"auto, (max-width: 800px) 100vw, 800px\" \/><\/figure>\n<\/figure>\n\n\n\n<p><\/p>\n\n\n\n<div class=\"wp-block-columns is-layout-flex wp-container-core-columns-is-layout-9d6595d7 wp-block-columns-is-layout-flex\">\n<div class=\"wp-block-column is-layout-flow wp-block-column-is-layout-flow\">\n<div class=\"wp-block-buttons has-custom-font-size is-content-justification-center is-layout-flex wp-container-core-buttons-is-layout-16018d1d wp-block-buttons-is-layout-flex\" style=\"font-size:16px\">\n<div class=\"wp-block-button is-style-outline is-style-outline--2\"><a class=\"wp-block-button__link has-white-color has-text-color has-background has-link-color wp-element-button\" href=\"https:\/\/maisondujeu.com\/index.php\/soirees-jeux\/\" style=\"background-color:#afa222\"><strong>SOIREES<\/strong><\/a><\/div>\n<\/div>\n<\/div>\n\n\n\n<div class=\"wp-block-column is-layout-flow wp-block-column-is-layout-flow\">\n<div class=\"wp-block-buttons has-custom-font-size is-content-justification-center is-layout-flex wp-container-core-buttons-is-layout-16018d1d wp-block-buttons-is-layout-flex\" style=\"font-size:16px\">\n<div class=\"wp-block-button is-style-outline is-style-outline--3\"><a class=\"wp-block-button__link has-white-color has-text-color has-background has-link-color wp-element-button\" href=\"https:\/\/maisondujeu.com\/index.php\/foyer-jeu\/\" style=\"background-color:#afa222\"><strong>FOYER JEUX<\/strong><\/a><\/div>\n<\/div>\n<\/div>\n\n\n\n<div class=\"wp-block-column is-layout-flow wp-block-column-is-layout-flow\" style=\"font-size:16px\">\n<div class=\"wp-block-buttons is-content-justification-center is-layout-flex wp-container-core-buttons-is-layout-16018d1d wp-block-buttons-is-layout-flex\">\n<div class=\"wp-block-button has-custom-font-size is-style-outline is-style-outline--4\" style=\"font-size:16px\"><a class=\"wp-block-button__link has-white-color has-text-color has-background has-link-color wp-element-button\" href=\"https:\/\/maisondujeu.com\/index.php\/petite-enfance\/\" style=\"background-color:#afa222\"><strong>PETITE ENFANCE<\/strong><\/a><\/div>\n<\/div>\n<\/div>\n<\/div>\n<\/div><\/div>\n\n\n\n<hr class=\"wp-block-separator has-text-color has-alpha-channel-opacity has-background is-style-default\" style=\"background-color:#db0404;color:#db0404\"\/>\n\n\n\n<h2 class=\"wp-block-heading has-text-align-center\"><strong>&#8230; une \u00e9quipe<\/strong><\/h2>\n\n\n\n<p><\/p>\n\n\n\n<figure class=\"wp-block-image size-large\"><img loading=\"lazy\" decoding=\"async\" width=\"1820\" height=\"618\" src=\"http:\/\/maisondujeu.com\/wp-content\/uploads\/2025\/01\/structure.png?w=1024\" alt=\"\" class=\"wp-image-389\" srcset=\"https:\/\/maisondujeu.com\/wp-content\/uploads\/2025\/01\/structure.png 1820w, https:\/\/maisondujeu.com\/wp-content\/uploads\/2025\/01\/structure-300x102.png 300w, https:\/\/maisondujeu.com\/wp-content\/uploads\/2025\/01\/structure-1024x348.png 1024w, https:\/\/maisondujeu.com\/wp-content\/uploads\/2025\/01\/structure-768x261.png 768w, https:\/\/maisondujeu.com\/wp-content\/uploads\/2025\/01\/structure-1536x522.png 1536w\" sizes=\"auto, (max-width: 1820px) 100vw, 1820px\" \/><\/figure>\n\n\n\n<p><\/p>\n\n\n\n<hr class=\"wp-block-separator has-text-color has-alpha-channel-opacity has-background is-style-default\" style=\"background-color:#db0404;color:#db0404\"\/>\n\n\n\n<h2 class=\"wp-block-heading has-text-align-center\"><strong>&#8230; un projet et des valeurs<\/strong><\/h2>\n\n\n\n<p style=\"font-size:18px\">La Maison du Jeu est une association Loi 1901, g\u00e9r\u00e9e par une \u00e9quipe de b\u00e9n\u00e9voles et par des salari\u00e9s. Nos objectifs sont de promouvoir le jeu en offrant \u00e0 chacun la possibilit\u00e9 de le d\u00e9couvrir librement et \u00e0 son rythme et de favoriser les \u00e9changes inter-g\u00e9n\u00e9rationnels et culturels autour du plaisir de jouer et de la convivialit\u00e9. Nous travaillons \u00e9galement \u00e0 la reconnaissance du jeu comme patrimoine culturel.<\/p>\n\n\n\n<p><\/p>\n\n\n\n<div class=\"wp-block-buttons has-custom-font-size is-content-justification-center is-layout-flex wp-container-core-buttons-is-layout-16018d1d wp-block-buttons-is-layout-flex\" style=\"font-size:16px\">\n<div class=\"wp-block-button is-style-outline is-style-outline--5\"><a class=\"wp-block-button__link has-white-color has-text-color has-background has-link-color wp-element-button\" href=\"https:\/\/maisondujeu.com\/wp-content\/uploads\/2025\/01\/statuts-mdj-1.pdf\" style=\"background-color:#afa222\" target=\"_blank\" rel=\"noreferrer noopener\"><strong>STATUTS<\/strong><\/a><\/div>\n\n\n\n<div class=\"wp-block-button is-style-outline is-style-outline--6\"><a class=\"wp-block-button__link has-white-color has-text-color has-background has-link-color wp-element-button\" href=\"https:\/\/maisondujeu.com\/wp-content\/uploads\/2025\/01\/projet-educatif-maison-du-jeu-2.pdf\" style=\"background-color:#afa222\" target=\"_blank\" rel=\"noreferrer noopener\"><strong>PROJET ASSOCIATIF<\/strong><\/a><\/div>\n\n\n\n<div class=\"wp-block-button is-style-outline is-style-outline--7\"><a class=\"wp-block-button__link has-white-color has-text-color has-background has-link-color wp-element-button\" style=\"background-color:#afa222\"><strong>REGLEMENT<\/strong><\/a><\/div>\n<\/div>\n\n\n\n<p><\/p>\n\n\n\n<p class=\"has-text-color has-link-color wp-elements-307073b5733d099f5da05f94d1d58220\" style=\"color:#db0404\"><mark style=\"background-color:rgba(0, 0, 0, 0);color:#f90000\" class=\"has-inline-color\"><strong>Historique :<\/strong><\/mark><\/p>\n\n\n\n<figure class=\"wp-block-image size-large\"><img loading=\"lazy\" decoding=\"async\" width=\"2098\" height=\"744\" src=\"http:\/\/maisondujeu.com\/wp-content\/uploads\/2025\/01\/historique.png?w=1024\" alt=\"\" class=\"wp-image-392\" srcset=\"https:\/\/maisondujeu.com\/wp-content\/uploads\/2025\/01\/historique.png 2098w, https:\/\/maisondujeu.com\/wp-content\/uploads\/2025\/01\/historique-300x106.png 300w, https:\/\/maisondujeu.com\/wp-content\/uploads\/2025\/01\/historique-1024x363.png 1024w, https:\/\/maisondujeu.com\/wp-content\/uploads\/2025\/01\/historique-768x272.png 768w, https:\/\/maisondujeu.com\/wp-content\/uploads\/2025\/01\/historique-1536x545.png 1536w, https:\/\/maisondujeu.com\/wp-content\/uploads\/2025\/01\/historique-2048x726.png 2048w\" sizes=\"auto, (max-width: 2098px) 100vw, 2098px\" \/><\/figure>\n\n\n\n<p><\/p>\n","protected":false},"excerpt":{"rendered":"<p>La Maison du Jeu, c&#8217;est&#8230; &#8230; un lieu &#8230; une \u00e9quipe &#8230; un projet et des valeurs La Maison du Jeu est une association Loi 1901, g\u00e9r\u00e9e par une \u00e9quipe de b\u00e9n\u00e9voles et par des salari\u00e9s. Nos objectifs sont de promouvoir le jeu en offrant \u00e0 chacun la possibilit\u00e9 de le d\u00e9couvrir librement et \u00e0&hellip; <a href=\"https:\/\/maisondujeu.com\/index.php\/lassociation\/\" class=\"more-link\">Continue reading <span class=\"screen-reader-text\">L&#8217;ASSOCIATION<\/span><\/a><\/p>\n","protected":false},"author":1,"featured_media":742,"parent":0,"menu_order":0,"comment_status":"closed","ping_status":"closed","template":"templates\/full-width-page.php","meta":{"footnotes":""},"tags":[],"class_list":["post-46","page","type-page","status-publish","has-post-thumbnail","hentry","without-featured-image"],"jetpack_sharing_enabled":true,"_links":{"self":[{"href":"https:\/\/maisondujeu.com\/index.php\/wp-json\/wp\/v2\/pages\/46","targetHints":{"allow":["GET"]}}],"collection":[{"href":"https:\/\/maisondujeu.com\/index.php\/wp-json\/wp\/v2\/pages"}],"about":[{"href":"https:\/\/maisondujeu.com\/index.php\/wp-json\/wp\/v2\/types\/page"}],"author":[{"embeddable":true,"href":"https:\/\/maisondujeu.com\/index.php\/wp-json\/wp\/v2\/users\/1"}],"replies":[{"embeddable":true,"href":"https:\/\/maisondujeu.com\/index.php\/wp-json\/wp\/v2\/comments?post=46"}],"version-history":[{"count":13,"href":"https:\/\/maisondujeu.com\/index.php\/wp-json\/wp\/v2\/pages\/46\/revisions"}],"predecessor-version":[{"id":736,"href":"https:\/\/maisondujeu.com\/index.php\/wp-json\/wp\/v2\/pages\/46\/revisions\/736"}],"wp:featuredmedia":[{"embeddable":true,"href":"https:\/\/maisondujeu.com\/index.php\/wp-json\/wp\/v2\/media\/742"}],"wp:attachment":[{"href":"https:\/\/maisondujeu.com\/index.php\/wp-json\/wp\/v2\/media?parent=46"}],"wp:term":[{"taxonomy":"post_tag","embeddable":true,"href":"https:\/\/maisondujeu.com\/index.php\/wp-json\/wp\/v2\/tags?post=46"}],"curies":[{"name":"wp","href":"https:\/\/api.w.org\/{rel}","templated":true}]}}