{"id":455,"date":"2025-01-12T21:44:07","date_gmt":"2025-01-12T20:44:07","guid":{"rendered":"https:\/\/lamaisondujeu5.wordpress.com\/?page_id=455"},"modified":"2026-04-15T23:12:35","modified_gmt":"2026-04-15T21:12:35","slug":"soirees-jeux","status":"publish","type":"page","link":"https:\/\/maisondujeu.com\/index.php\/soirees-jeux\/","title":{"rendered":"Soir\u00e9es jeux"},"content":{"rendered":"\n<div class=\"wp-block-group alignfull has-base-2-color has-contrast-background-color has-text-color has-background has-link-color wp-elements-39ed3ccdf1824e0b53ed2204972cec9b\" style=\"margin-top:0;margin-bottom:0;padding-top:var(--wp--preset--spacing--50);padding-right:var(--wp--preset--spacing--50);padding-bottom:var(--wp--preset--spacing--50);padding-left:var(--wp--preset--spacing--50)\"><div class=\"wp-block-group__inner-container is-layout-constrained wp-container-core-group-is-layout-9cf8f26d wp-block-group-is-layout-constrained\">\n<p>Que vous soyez joueur du dimanche, strat\u00e8ge redoutable ou juste l\u00e0 pour les chips (on ne juge pas), nos <strong>soir\u00e9es jeux<\/strong> sont faites pour vous.<\/p>\n\n\n\n<p>\u00c0 la Maison du Jeu, on joue toute l\u2019ann\u00e9e, pour tous les \u00e2ges et toutes les envies.<\/p>\n\n\n\n<h2 class=\"wp-block-heading has-text-color has-link-color wp-elements-5fc8560c8552cbc0bd3e80380fb516c9\" style=\"color:#db0404\">Soir\u00e9es Jeux en Famille<\/h2>\n\n\n\n<p>Le dernier vendredi du mois, place \u00e0 la <strong>soir\u00e9e jeux en famille<\/strong> !<\/p>\n\n\n\n<p>Au programme :<br>jeux de soci\u00e9t\u00e9, jeux de construction, jeux d\u2019imitation pour les plus petits\u2026 et surtout beaucoup de moments partag\u00e9s.<\/p>\n\n\n\n<p>\ud83c\udf72 Et parce que jouer, \u00e7a creuse : la soir\u00e9e se transforme en <strong>repas partag\u00e9<\/strong>, o\u00f9 chacun apporte un petit quelque chose \u00e0 d\u00e9guster.<\/p>\n\n\n\n<p>\ud83d\udd56 De 18h30 \u00e0 23h, ouvert \u00e0 tous, anim\u00e9 par l\u2019\u00e9quipe de la ludoth\u00e8que.<\/p>\n\n\n<div class=\"wp-block-image\">\n<figure class=\"aligncenter size-large is-resized\"><img loading=\"lazy\" decoding=\"async\" width=\"2048\" height=\"1538\" src=\"http:\/\/maisondujeu.com\/wp-content\/uploads\/2025\/01\/soiree-jeux.jpg?w=1024\" alt=\"\" class=\"wp-image-473\" style=\"width:357px;height:auto\" srcset=\"https:\/\/maisondujeu.com\/wp-content\/uploads\/2025\/01\/soiree-jeux.jpg 2048w, https:\/\/maisondujeu.com\/wp-content\/uploads\/2025\/01\/soiree-jeux-300x225.jpg 300w, https:\/\/maisondujeu.com\/wp-content\/uploads\/2025\/01\/soiree-jeux-1024x769.jpg 1024w, https:\/\/maisondujeu.com\/wp-content\/uploads\/2025\/01\/soiree-jeux-768x577.jpg 768w, https:\/\/maisondujeu.com\/wp-content\/uploads\/2025\/01\/soiree-jeux-1536x1154.jpg 1536w\" sizes=\"auto, (max-width: 2048px) 100vw, 2048px\" \/><\/figure>\n<\/div>\n\n\n<p><\/p>\n\n\n\n<h2 class=\"wp-block-heading has-text-color has-link-color wp-elements-46d35709381d7d492ff3a188141397fd\" style=\"color:#db0404\">Soir\u00e9es Ados<\/h2>\n\n\n\n<p>Des soir\u00e9es (ou apr\u00e8s-midis) sp\u00e9cialement pens\u00e9es pour les ados.<\/p>\n\n\n\n<p>Ici, pas de parents \u00e0 l\u2019horizon (d\u00e9sol\u00e9 \ud83d\ude04), mais :<\/p>\n\n\n\n<ul class=\"wp-block-list\">\n<li>des jeux adapt\u00e9s<\/li>\n\n\n\n<li>des th\u00e8mes vari\u00e9s<\/li>\n\n\n\n<li>et une ambiance d\u00e9tendue encadr\u00e9e par nos animateurs<\/li>\n<\/ul>\n\n\n\n<p>Parfait pour rencontrer du monde, rigoler et d\u00e9couvrir de nouveaux jeux.<\/p>\n\n\n<div class=\"wp-block-image\">\n<figure class=\"aligncenter size-large is-resized\"><img loading=\"lazy\" decoding=\"async\" width=\"796\" height=\"707\" src=\"http:\/\/maisondujeu.com\/wp-content\/uploads\/2025\/01\/soiree_ado.jpg?w=796\" alt=\"\" class=\"wp-image-471\" style=\"width:349px;height:auto\" srcset=\"https:\/\/maisondujeu.com\/wp-content\/uploads\/2025\/01\/soiree_ado.jpg 796w, https:\/\/maisondujeu.com\/wp-content\/uploads\/2025\/01\/soiree_ado-300x266.jpg 300w, https:\/\/maisondujeu.com\/wp-content\/uploads\/2025\/01\/soiree_ado-768x682.jpg 768w\" sizes=\"auto, (max-width: 796px) 100vw, 796px\" \/><\/figure>\n<\/div>\n\n\n<p><\/p>\n\n\n\n<h2 class=\"wp-block-heading has-text-color has-link-color wp-elements-becd4a84db957bab7b9350d2b44ab8f0\" style=\"color:#db0404\">Soir\u00e9es Bar \u00e0 jeux<\/h2>\n\n\n\n<p>Le vendredi juste avant chaque p\u00e9riode de vacances, la ludoth\u00e8que prend des airs de <strong>bar \u00e0 jeux<\/strong>.<\/p>\n\n\n\n<p>Au menu :<\/p>\n\n\n\n<ul class=\"wp-block-list\">\n<li>jeux d\u2019ambiance<\/li>\n\n\n\n<li>grands classiques<\/li>\n\n\n\n<li>jeux experts pour les plus t\u00e9m\u00e9raires<\/li>\n<\/ul>\n\n\n\n<p>Le tout dans une ambiance conviviale, anim\u00e9e par nos b\u00e9n\u00e9voles.<\/p>\n\n\n\n<p>\ud83e\udd6a Une buvette avec du snacking sont propos\u00e9es sur place \u2014 parce qu\u2019une bonne strat\u00e9gie commence souvent par un ventre plein.<\/p>\n\n\n\n<p>\ud83d\udc65 R\u00e9serv\u00e9 aux adultes.<\/p>\n\n\n\n<h2 class=\"wp-block-heading has-text-color has-link-color wp-elements-22f3e98de81e24c9575fe96a7decd575\" style=\"color:#db0404\">Soir\u00e9es Jeu de r\u00f4le<\/h2>\n\n\n\n<p>Envie d\u2019incarner un mage, un enqu\u00eateur ou un aventurier improbable ? Bienvenue dans nos <strong>soir\u00e9es jeu de r\u00f4le<\/strong>.<\/p>\n\n\n\n<p>Anim\u00e9es par des b\u00e9n\u00e9voles passionn\u00e9s, en partenariat avec les H\u00e9raults du Jeu, ces soir\u00e9es sont l\u2019occasion de :<\/p>\n\n\n\n<ul class=\"wp-block-list\">\n<li>d\u00e9couvrir de nouveaux univers<\/li>\n\n\n\n<li>tester des jeux r\u00e9cents<\/li>\n\n\n\n<li>vivre des aventures uniques (d\u00e9s critiques inclus \ud83c\udfb2)<\/li>\n<\/ul>\n\n\n\n<p>\ud83d\udc65 R\u00e9serv\u00e9 aux adultes.<\/p>\n<\/div><\/div>\n\n\n\n<p><\/p>\n","protected":false},"excerpt":{"rendered":"<p>Que vous soyez joueur du dimanche, strat\u00e8ge redoutable ou juste l\u00e0 pour les chips (on ne juge pas), nos soir\u00e9es jeux sont faites pour vous. \u00c0 la Maison du Jeu, on joue toute l\u2019ann\u00e9e, pour tous les \u00e2ges et toutes les envies. Soir\u00e9es Jeux en Famille Le dernier vendredi du mois, place \u00e0 la soir\u00e9e&hellip; <a href=\"https:\/\/maisondujeu.com\/index.php\/soirees-jeux\/\" class=\"more-link\">Continue reading <span class=\"screen-reader-text\">Soir\u00e9es jeux<\/span><\/a><\/p>\n","protected":false},"author":1,"featured_media":742,"parent":0,"menu_order":0,"comment_status":"closed","ping_status":"closed","template":"templates\/full-width-page.php","meta":{"footnotes":""},"tags":[],"class_list":["post-455","page","type-page","status-publish","has-post-thumbnail","hentry","without-featured-image"],"jetpack_sharing_enabled":true,"_links":{"self":[{"href":"https:\/\/maisondujeu.com\/index.php\/wp-json\/wp\/v2\/pages\/455","targetHints":{"allow":["GET"]}}],"collection":[{"href":"https:\/\/maisondujeu.com\/index.php\/wp-json\/wp\/v2\/pages"}],"about":[{"href":"https:\/\/maisondujeu.com\/index.php\/wp-json\/wp\/v2\/types\/page"}],"author":[{"embeddable":true,"href":"https:\/\/maisondujeu.com\/index.php\/wp-json\/wp\/v2\/users\/1"}],"replies":[{"embeddable":true,"href":"https:\/\/maisondujeu.com\/index.php\/wp-json\/wp\/v2\/comments?post=455"}],"version-history":[{"count":3,"href":"https:\/\/maisondujeu.com\/index.php\/wp-json\/wp\/v2\/pages\/455\/revisions"}],"predecessor-version":[{"id":981,"href":"https:\/\/maisondujeu.com\/index.php\/wp-json\/wp\/v2\/pages\/455\/revisions\/981"}],"wp:featuredmedia":[{"embeddable":true,"href":"https:\/\/maisondujeu.com\/index.php\/wp-json\/wp\/v2\/media\/742"}],"wp:attachment":[{"href":"https:\/\/maisondujeu.com\/index.php\/wp-json\/wp\/v2\/media?parent=455"}],"wp:term":[{"taxonomy":"post_tag","embeddable":true,"href":"https:\/\/maisondujeu.com\/index.php\/wp-json\/wp\/v2\/tags?post=455"}],"curies":[{"name":"wp","href":"https:\/\/api.w.org\/{rel}","templated":true}]}}