{"id":197,"date":"2024-12-02T22:40:06","date_gmt":"2024-12-02T21:40:06","guid":{"rendered":"https:\/\/lamaisondujeu5.wordpress.com\/?page_id=197"},"modified":"2025-11-18T14:19:38","modified_gmt":"2025-11-18T13:19:38","slug":"info-pratique","status":"publish","type":"page","link":"https:\/\/maisondujeu.com\/index.php\/info-pratique\/","title":{"rendered":"INFOS PRATIQUES"},"content":{"rendered":"\n<hr class=\"wp-block-separator has-alpha-channel-opacity\"\/>\n\n\n\n<p><\/p>\n\n\n\n<div class=\"wp-block-columns is-layout-flex wp-container-core-columns-is-layout-9d6595d7 wp-block-columns-is-layout-flex\">\n<div class=\"wp-block-column is-layout-flow wp-block-column-is-layout-flow\">\n<p><em>Horaires hors vacances scolaires :<\/em> <\/p>\n\n\n<div class=\"wp-block-image\">\n<figure class=\"aligncenter size-full\"><img loading=\"lazy\" decoding=\"async\" width=\"692\" height=\"446\" src=\"http:\/\/maisondujeu.com\/wp-content\/uploads\/2025\/11\/horaires_automne_2025.png\" alt=\"\" class=\"wp-image-922\" srcset=\"https:\/\/maisondujeu.com\/wp-content\/uploads\/2025\/11\/horaires_automne_2025.png 692w, https:\/\/maisondujeu.com\/wp-content\/uploads\/2025\/11\/horaires_automne_2025-300x193.png 300w\" sizes=\"auto, (max-width: 692px) 100vw, 692px\" \/><\/figure>\n<\/div>\n\n\n<p>* Cr\u00e9neaux r\u00e9serv\u00e9s aux Parents-b\u00e9b\u00e9s<br>** Cr\u00e9neau r\u00e9serv\u00e9s aux enfants non scolaris\u00e9s accompagn\u00e9s d&#8217;un adulte<\/p>\n\n\n\n<p><em>Pour conna\u00eetre les horaires d&#8217;ouverture pendant les vacances scolaires, se renseigner sur notre page d&#8217;Actualit\u00e9s.<\/em><\/p>\n\n\n\n<p>La Maison du Jeu peut <strong>accueillir des classes, des groupes, des associations en dehors de ces horaires<\/strong>. N&#8217;h\u00e9sitez pas \u00e0 nous contacter pour prendre rendez-vous.<\/p>\n<\/div>\n\n\n\n<div class=\"wp-block-column is-layout-flow wp-block-column-is-layout-flow\">\n<p class=\"has-white-color has-text-color has-link-color wp-elements-05b5f0f888e814bee1f48cddfd8af191\"> <em>Adh\u00e9sions<\/em><\/p>\n\n\n\n<figure class=\"wp-block-image size-full\"><img loading=\"lazy\" decoding=\"async\" width=\"876\" height=\"324\" src=\"http:\/\/maisondujeu.com\/wp-content\/uploads\/2025\/04\/Adhesions.png\" alt=\"\" class=\"wp-image-778\" srcset=\"https:\/\/maisondujeu.com\/wp-content\/uploads\/2025\/04\/Adhesions.png 876w, https:\/\/maisondujeu.com\/wp-content\/uploads\/2025\/04\/Adhesions-300x111.png 300w, https:\/\/maisondujeu.com\/wp-content\/uploads\/2025\/04\/Adhesions-768x284.png 768w\" sizes=\"auto, (max-width: 876px) 100vw, 876px\" \/><\/figure>\n\n\n\n<p>* <em>Sur pr\u00e9sentation d\u2019un justificatif RSA, AAH, Etudiant boursier, Carte Famille nombreuse<\/em><\/p>\n\n\n<div class=\"wp-block-image\">\n<figure class=\"aligncenter size-full\"><img loading=\"lazy\" decoding=\"async\" width=\"876\" height=\"579\" src=\"http:\/\/maisondujeu.com\/wp-content\/uploads\/2025\/04\/Loc-particuliers.png\" alt=\"\" class=\"wp-image-781\" srcset=\"https:\/\/maisondujeu.com\/wp-content\/uploads\/2025\/04\/Loc-particuliers.png 876w, https:\/\/maisondujeu.com\/wp-content\/uploads\/2025\/04\/Loc-particuliers-300x198.png 300w, https:\/\/maisondujeu.com\/wp-content\/uploads\/2025\/04\/Loc-particuliers-768x508.png 768w\" sizes=\"auto, (max-width: 876px) 100vw, 876px\" \/><\/figure>\n<\/div><\/div>\n<\/div>\n\n\n\n<p><\/p>\n\n\n\n<figure class=\"wp-block-image size-large\"><img loading=\"lazy\" decoding=\"async\" width=\"1024\" height=\"308\" src=\"http:\/\/maisondujeu.com\/wp-content\/uploads\/2025\/11\/locations_tarifs_automne_2025-1024x308.png\" alt=\"\" class=\"wp-image-921\" srcset=\"https:\/\/maisondujeu.com\/wp-content\/uploads\/2025\/11\/locations_tarifs_automne_2025-1024x308.png 1024w, https:\/\/maisondujeu.com\/wp-content\/uploads\/2025\/11\/locations_tarifs_automne_2025-300x90.png 300w, https:\/\/maisondujeu.com\/wp-content\/uploads\/2025\/11\/locations_tarifs_automne_2025-768x231.png 768w, https:\/\/maisondujeu.com\/wp-content\/uploads\/2025\/11\/locations_tarifs_automne_2025-1536x462.png 1536w, https:\/\/maisondujeu.com\/wp-content\/uploads\/2025\/11\/locations_tarifs_automne_2025.png 1656w\" sizes=\"auto, (max-width: 1024px) 100vw, 1024px\" \/><\/figure>\n\n\n\n<p><\/p>\n\n\n\n<div class=\"wp-block-columns has-background is-layout-flex wp-container-core-columns-is-layout-9d6595d7 wp-block-columns-is-layout-flex\" style=\"background-color:#ff000012\">\n<div class=\"wp-block-column is-layout-flow wp-block-column-is-layout-flow\" style=\"flex-basis:66.66%\">\n<h2 class=\"wp-block-heading has-text-align-center\"><strong>Nous trouver<\/strong><\/h2>\n<\/div>\n<\/div>\n\n\n\n<p><\/p>\n\n\n\n<figure class=\"wp-block-image size-large\"><a href=\"https:\/\/maps.app.goo.gl\/oTrDNPdr2bg19Pa9A\"><img loading=\"lazy\" decoding=\"async\" width=\"1925\" height=\"1049\" src=\"http:\/\/maisondujeu.com\/wp-content\/uploads\/2024\/12\/carte-2.png?w=1024\" alt=\"\" class=\"wp-image-223\" srcset=\"https:\/\/maisondujeu.com\/wp-content\/uploads\/2024\/12\/carte-2.png 1925w, https:\/\/maisondujeu.com\/wp-content\/uploads\/2024\/12\/carte-2-300x163.png 300w, https:\/\/maisondujeu.com\/wp-content\/uploads\/2024\/12\/carte-2-1024x558.png 1024w, https:\/\/maisondujeu.com\/wp-content\/uploads\/2024\/12\/carte-2-768x419.png 768w, https:\/\/maisondujeu.com\/wp-content\/uploads\/2024\/12\/carte-2-1536x837.png 1536w\" sizes=\"auto, (max-width: 1925px) 100vw, 1925px\" \/><\/a><\/figure>\n\n\n\n<div class=\"wp-block-group alignfull has-base-2-color has-contrast-background-color has-text-color has-background has-link-color wp-elements-28c81d85e957c8a01c463e9865d88f53\" style=\"margin-top:0;margin-bottom:0;padding-top:var(--wp--preset--spacing--50);padding-right:var(--wp--preset--spacing--50);padding-bottom:var(--wp--preset--spacing--50);padding-left:var(--wp--preset--spacing--50)\"><div class=\"wp-block-group__inner-container is-layout-constrained wp-container-core-group-is-layout-9cf8f26d wp-block-group-is-layout-constrained\">\n<div class=\"wp-block-columns is-layout-flex wp-container-core-columns-is-layout-9d6595d7 wp-block-columns-is-layout-flex\">\n<div class=\"wp-block-column is-layout-flow wp-block-column-is-layout-flow\">\n<p><br>La Maison du Jeu<br>1 Route de Saint-Bardoux<br>26260 Saint-Donat-sur-l&#8217;Herbasse<\/p>\n<\/div>\n\n\n\n<div class=\"wp-block-column is-layout-flow wp-block-column-is-layout-flow\">\n<div class=\"wp-block-columns is-layout-flex wp-container-core-columns-is-layout-9d6595d7 wp-block-columns-is-layout-flex\">\n<div class=\"wp-block-column is-layout-flow wp-block-column-is-layout-flow\" style=\"flex-basis:25%\">\n<figure class=\"wp-block-gallery has-nested-images columns-default is-cropped wp-block-gallery-1 is-layout-flex wp-block-gallery-is-layout-flex\">\n<figure class=\"wp-block-image size-large\"><img loading=\"lazy\" decoding=\"async\" width=\"192\" height=\"177\" data-id=\"236\" src=\"http:\/\/maisondujeu.com\/wp-content\/uploads\/2024\/12\/phone-1.png?w=192\" alt=\"\" class=\"wp-image-236\"\/><\/figure>\n<\/figure>\n<\/div>\n\n\n\n<div class=\"wp-block-column is-layout-flow wp-block-column-is-layout-flow\" style=\"flex-basis:50%\">\n<p><br>04 75 45 15 98<\/p>\n<\/div>\n\n\n\n<div class=\"wp-block-column is-layout-flow wp-block-column-is-layout-flow\" style=\"flex-basis:25%\">\n<figure class=\"wp-block-gallery has-nested-images columns-default is-cropped wp-block-gallery-2 is-layout-flex wp-block-gallery-is-layout-flex\">\n<figure class=\"wp-block-image size-large\"><a href=\"mailto:maisondujeu.saintdonat@gmail.com\"><img loading=\"lazy\" decoding=\"async\" width=\"196\" height=\"177\" data-id=\"240\" src=\"http:\/\/maisondujeu.com\/wp-content\/uploads\/2024\/12\/mail-6.png?w=196\" alt=\"\" class=\"wp-image-240\"\/><\/a><\/figure>\n<\/figure>\n<\/div>\n<\/div>\n<\/div>\n<\/div>\n<\/div><\/div>\n\n\n\n<p><\/p>\n","protected":false},"excerpt":{"rendered":"<p>Horaires hors vacances scolaires : * Cr\u00e9neaux r\u00e9serv\u00e9s aux Parents-b\u00e9b\u00e9s** Cr\u00e9neau r\u00e9serv\u00e9s aux enfants non scolaris\u00e9s accompagn\u00e9s d&#8217;un adulte Pour conna\u00eetre les horaires d&#8217;ouverture pendant les vacances scolaires, se renseigner sur notre page d&#8217;Actualit\u00e9s. La Maison du Jeu peut accueillir des classes, des groupes, des associations en dehors de ces horaires. N&#8217;h\u00e9sitez pas \u00e0 nous&hellip; <a href=\"https:\/\/maisondujeu.com\/index.php\/info-pratique\/\" class=\"more-link\">Continue reading <span class=\"screen-reader-text\">INFOS PRATIQUES<\/span><\/a><\/p>\n","protected":false},"author":1,"featured_media":742,"parent":0,"menu_order":0,"comment_status":"closed","ping_status":"closed","template":"templates\/full-width-page.php","meta":{"footnotes":""},"tags":[],"class_list":["post-197","page","type-page","status-publish","has-post-thumbnail","hentry","without-featured-image"],"jetpack_sharing_enabled":true,"_links":{"self":[{"href":"https:\/\/maisondujeu.com\/index.php\/wp-json\/wp\/v2\/pages\/197","targetHints":{"allow":["GET"]}}],"collection":[{"href":"https:\/\/maisondujeu.com\/index.php\/wp-json\/wp\/v2\/pages"}],"about":[{"href":"https:\/\/maisondujeu.com\/index.php\/wp-json\/wp\/v2\/types\/page"}],"author":[{"embeddable":true,"href":"https:\/\/maisondujeu.com\/index.php\/wp-json\/wp\/v2\/users\/1"}],"replies":[{"embeddable":true,"href":"https:\/\/maisondujeu.com\/index.php\/wp-json\/wp\/v2\/comments?post=197"}],"version-history":[{"count":6,"href":"https:\/\/maisondujeu.com\/index.php\/wp-json\/wp\/v2\/pages\/197\/revisions"}],"predecessor-version":[{"id":924,"href":"https:\/\/maisondujeu.com\/index.php\/wp-json\/wp\/v2\/pages\/197\/revisions\/924"}],"wp:featuredmedia":[{"embeddable":true,"href":"https:\/\/maisondujeu.com\/index.php\/wp-json\/wp\/v2\/media\/742"}],"wp:attachment":[{"href":"https:\/\/maisondujeu.com\/index.php\/wp-json\/wp\/v2\/media?parent=197"}],"wp:term":[{"taxonomy":"post_tag","embeddable":true,"href":"https:\/\/maisondujeu.com\/index.php\/wp-json\/wp\/v2\/tags?post=197"}],"curies":[{"name":"wp","href":"https:\/\/api.w.org\/{rel}","templated":true}]}}